{"id":2757,"date":"2019-05-20T14:18:51","date_gmt":"2019-05-20T17:18:51","guid":{"rendered":"https:\/\/algar2018.blendon.com.br\/?page_id=2757"},"modified":"2019-06-06T15:55:10","modified_gmt":"2019-06-06T18:55:10","slug":"corporate-governance","status":"publish","type":"page","link":"https:\/\/algar2018.blendon.com.br\/en\/corporate-governance\/","title":{"rendered":"Corporate Governance"},"content":{"rendered":"\n<div class=\"wp-block-columns has-2-columns is-layout-flex wp-container-core-columns-layout-1 wp-block-columns-is-layout-flex\">\n<div class=\"wp-block-column is-layout-flow wp-block-column-is-layout-flow\">\n<p><\/p>\n<\/div>\n\n\n\n<div class=\"wp-block-column is-layout-flow wp-block-column-is-layout-flow\">\n<p><\/p>\n<\/div>\n<\/div>\n\n\n\n<p class=\"has-small-font-size\">GRI 102-5, 102-12, 102-13, 102-16, 102-18<\/p>\n\n\n\n<p><br><br><\/p>\n\n\n\n<p>We have been an unlisted publicly held company since 2007, when we held our first public issue of debentures. We adopt principles, governance structure and routines in line with good market practices, respecting the basic principles of transparency, equity, accountability and corporate responsibility. To this end, we have tools to identify, measure, control and manage corporate risks, thus ensuring safe decision-making. We use modern, up-to-date systems, controls, policies and management indicators.<br> <br>Seguimos as diretrizes do C\u00f3digo das Melhores Pr\u00e1ticas de Governan\u00e7a Corporativa do Instituto Brasileiro de Governan\u00e7a Corporativa (IBGC). Entre as pr\u00e1ticas que adotamos, podemos citar como exemplo a composi\u00e7\u00e3o do nosso Conselho de Administra\u00e7\u00e3o com no m\u00ednimo 2 ou 20%, o que for maior, de conselheiros independentes. Outros exemplos s\u00e3o a veda\u00e7\u00e3o de ac\u00famulo dos cargos de executivo e conselheiro ou membro dos comit\u00eas e a institui\u00e7\u00e3o dos comit\u00eas de assessoramento de: Auditoria e Gest\u00e3o de Riscos, Talentos Humanos e Governan\u00e7a Corporativa, e Estrat\u00e9gia e Inova\u00e7\u00e3o. Veja mais em nosso site<\/p>\n\n\n\n<p>We follow the guidelines of the Code of Corporate Governance\u2019s Best Practices of the Brazilian Institute of Corporate Governance (IBGC). Among the practices we adopt, we can mention the structure of our Board of Directors, which must include 2 or 20% (whichever is higher) independent members. Other examples are a ban on accumulating positions of executive, director or committee member and the other committees, and the introduction of three advisory committees: Audit and Risk Management, Human Talents and Corporate Governance, and Strategy and Innovation. See more in our <a href=\"http:\/\/ri.algartelecom.com.br\/pt-br\/governanca-corporativa\/nossas-praticas\/\" target=\"_blank\" rel=\"noreferrer noopener\" aria-label=\"website (opens in a new tab)\">website<\/a><\/p>\n\n\n\n<h2 class=\"wp-block-heading\"><br><br>New Partner<\/h2>\n\n\n\n<p>Archy LLC, an affiliate of GIC (Singapore Sovereign Fund), joined Algar Telecom, becoming a shareholder of 25% of the total capital. The transaction was approved by the Administrative Council for Economic Defense (Cade) and the National Telecommunications Agency (Anatel). We thus have a new partner, which has investment offices in more nine countries, apart from Brazil. <\/p>\n\n\n\n<h2 class=\"wp-block-heading\"><br><br>Corporate Restructuring<\/h2>\n\n\n\n<p>Following the entry of Archy LLC, an affiliate of GIC (Singapore Sovereign Fund), the Board of Directors decided to subscribe shares issued by the Company. Therefore, the parent company of Algar Telecom, Algar S.A., had 68% out of the total of 295,019,806 million shares on December 31, 2018.<\/p>\n\n\n\n<h2 class=\"wp-block-heading\"><br>Governance Structure<\/h2>\n\n\n\n<div class=\"wp-block-image\"><figure class=\"aligncenter\"><img decoding=\"async\" width=\"900\" height=\"616\" src=\"https:\/\/algar2018.blendon.com.br\/wp-content\/uploads\/2019\/05\/Governance-structure.jpg\" alt=\"\" class=\"wp-image-3531\" srcset=\"https:\/\/algar2018.blendon.com.br\/wp-content\/uploads\/2019\/05\/Governance-structure.jpg 900w, https:\/\/algar2018.blendon.com.br\/wp-content\/uploads\/2019\/05\/Governance-structure-300x205.jpg 300w, https:\/\/algar2018.blendon.com.br\/wp-content\/uploads\/2019\/05\/Governance-structure-768x526.jpg 768w\" sizes=\"(max-width: 900px) 100vw, 900px\" \/><\/figure><\/div>\n\n\n\n<h2 class=\"wp-block-heading\"><br><br>Board of Directors<\/h2>\n\n\n\n<p>The highest management body was created to ensure a professional and sustainable business, to make decisions and to define and monitor the strategies defined. Every year the Board is evaluated on three fronts: an analysis of the Board as a collegiate body, of the individual members, and of the Chair. It consists of up to eight board members: two of them are independent. There are currently six elected members.<\/p>\n\n\n\n<h4 class=\"wp-block-heading\"><br><\/h4>\n\n\n<table style=\"height: 422px;\" width=\"714\">\n<tbody>\n<tr>\n<td width=\"285\">Composi\u00e7\u00e3o em 31\/12\/2018:<\/td>\n<td width=\"243\">&nbsp;<\/td>\n<\/tr>\n<tr>\n<td><strong>Data da elei\u00e7\u00e3o:<\/strong> 20\/04\/2018<\/td>\n<td>&nbsp;<\/td>\n<\/tr>\n<tr>\n<td><strong>Data da posse:<\/strong> 20\/04\/2018<\/td>\n<td>&nbsp;<\/td>\n<\/tr>\n<tr>\n<td><strong>Prazo do mandato:<\/strong> 30\/04\/2020<\/td>\n<td>&nbsp;<\/td>\n<\/tr>\n<tr>\n<td>&nbsp;<\/td>\n<td>&nbsp;<\/td>\n<\/tr>\n<tr>\n<td>Luiz Alexandre Garcia<\/td>\n<td style=\"text-align: left;\">Chair<\/td>\n<\/tr>\n<tr>\n<td>Eliane Garcia Melga\u00e7o<\/td>\n<td style=\"text-align: left;\">Vice Chair<\/td>\n<\/tr>\n<tr>\n<td>Luiz Alberto Garcia<\/td>\n<td style=\"text-align: left;\">Member<\/td>\n<\/tr>\n<tr>\n<td>Divino Sebasti\u00e3o de Souza&nbsp;<\/td>\n<td style=\"text-align: left;\">Member<\/td>\n<\/tr>\n<tr>\n<td>Luiz Eduardo Falco Pires Correa&nbsp;<\/td>\n<td style=\"text-align: left;\">Independent Member<\/td>\n<\/tr>\n<tr>\n<td>Thilo Helmut Georg Mannhardt<\/td>\n<td style=\"text-align: left;\">Independent Member<\/td>\n<\/tr>\n<tr>\n<td>Vaccant<\/td>\n<td style=\"text-align: left;\">Independent Menber<\/td>\n<\/tr>\n<tr>\n<td>Vaccant<\/td>\n<td style=\"text-align: left;\">Member<\/td>\n<\/tr>\n<\/tbody>\n<\/table>\n\n\n<div class=\"wp-block-columns has-2-columns is-layout-flex wp-container-core-columns-layout-2 wp-block-columns-is-layout-flex\">\n<div class=\"wp-block-column is-layout-flow wp-block-column-is-layout-flow\"><\/div>\n\n\n\n<div class=\"wp-block-column is-layout-flow wp-block-column-is-layout-flow\">\n<p><\/p>\n<\/div>\n<\/div>\n\n\n\n<p>To learn more about the profile of each member of the Board of Directors, access the IR <a href=\"http:\/\/ri.algartelecom.com.br\/pt-br\/governanca-corporativa\/diretoria-conselho-e-comites\/\" target=\"_blank\" rel=\"noreferrer noopener\" aria-label=\" (opens in a new tab)\">website<\/a>&nbsp; of Algar Telecom.<\/p>\n\n\n\n<h2 class=\"wp-block-heading\"><br>Advisory Committees<\/h2>\n\n\n\n<p>The Board of Directors is supported by three specialized and non-deliberative committees to help the board members to deepen the analysis of specific issues in the decision-making process. Here they are: Audit and Risk Management Committee, Human Talent and Corporate Governance Committee, and Strategy and Innovation Committee.&nbsp; Their members are elected annually by the Board of Directors, to which they report to. Similarly to the Board, the Committees also have internal regulations that regulate the operation and establish the responsibilities and attributions.<\/p>\n\n\n\n<p><br><strong>Audit and Risk Management Committee<\/strong> <\/p>\n\n\n\n<p>Seu trabalho \u00e9 assegurar qualidade, integridade, transpar\u00eancia e credibilidade \u00e0s divulga\u00e7\u00f5es econ\u00f4mico-financeiras, e promover o monitoramento e a gest\u00e3o de riscos corporativos e operacionais, com efetividade nos processos de auditoria interna e externa e de controles internos.<br><br><\/p>\n\n\n<table width=\"717\">\n<tbody>\n<tr>\n<td width=\"364\">Composition on December 31, 2018:<\/td>\n<td width=\"353\">&nbsp;<\/td>\n<\/tr>\n<tr>\n<td>Data da elei\u00e7\u00e3o: 16\/10\/2017<\/td>\n<td>&nbsp;<\/td>\n<\/tr>\n<tr>\n<td>Data da posse: 16\/10\/2017<\/td>\n<td>&nbsp;<\/td>\n<\/tr>\n<tr>\n<td>Prazo do mandato: at\u00e9 a 1\u00aa RCA ap\u00f3s AGO 2018<\/td>\n<td>&nbsp;<\/td>\n<\/tr>\n<tr>\n<td>&nbsp;<\/td>\n<td>&nbsp;<\/td>\n<\/tr>\n<tr>\n<td>Thilo Helmut Georg Mannhardt&nbsp;<\/td>\n<td>Board Member and Committee Coordinator<\/td>\n<\/tr>\n<tr>\n<td>Carlos Biedermann&nbsp;<\/td>\n<td>External Expert Member<\/td>\n<\/tr>\n<tr>\n<td>Gilberto Loureiro&nbsp;<\/td>\n<td>External Expert Member<\/td>\n<\/tr>\n<\/tbody>\n<\/table>\n\n\n<div class=\"wp-block-columns has-2-columns is-layout-flex wp-container-core-columns-layout-3 wp-block-columns-is-layout-flex\">\n<div class=\"wp-block-column is-layout-flow wp-block-column-is-layout-flow\">\n<p><\/p>\n<\/div>\n\n\n\n<div class=\"wp-block-column is-layout-flow wp-block-column-is-layout-flow\">\n<p><\/p>\n<\/div>\n<\/div>\n\n\n\n<p><br><strong>Human Talents and Corporate Governance Committee<\/strong><\/p>\n\n\n\n<p>Its mission is to ensure that Human Talents are strategically managed and that this is seen by the stakeholders as a competitive differential of Algar Telecom; and to ensure that the best practices of corporate governance are adopted and constantly upgraded, to reinforce the company\u2019s vision of the future and its long-term prospects.<br><br><\/p>\n\n\n<table width=\"739\">\n<tbody>\n<tr>\n<td width=\"364\">Composition on December 31, 2018:<\/td>\n<td width=\"375\">&nbsp;<\/td>\n<\/tr>\n<tr>\n<td>Data da elei\u00e7\u00e3o: 16\/10\/2017<\/td>\n<td>&nbsp;<\/td>\n<\/tr>\n<tr>\n<td>Data da posse: 16\/10\/2017<\/td>\n<td>&nbsp;<\/td>\n<\/tr>\n<tr>\n<td>Prazo do mandato: at\u00e9 a 1\u00aa RCA ap\u00f3s AGO 2018<\/td>\n<td>&nbsp;<\/td>\n<\/tr>\n<tr>\n<td>&nbsp;<\/td>\n<td>&nbsp;<\/td>\n<\/tr>\n<tr>\n<td>Eliane Garcia Melga\u00e7o&nbsp;<\/td>\n<td>Vice-presidente do CA e Coordenadora do Comit\u00ea<\/td>\n<\/tr>\n<tr>\n<td>Jos\u00e9 Luciano Duarte Penido&nbsp;<\/td>\n<td>Especialista Externo<\/td>\n<\/tr>\n<tr>\n<td>Silvio Genesini&nbsp;<\/td>\n<td>Especialista Externo<\/td>\n<\/tr>\n<\/tbody>\n<\/table>\n\n\n<div class=\"wp-block-columns has-2-columns is-layout-flex wp-container-core-columns-layout-4 wp-block-columns-is-layout-flex\">\n<div class=\"wp-block-column is-layout-flow wp-block-column-is-layout-flow\"><\/div>\n\n\n\n<div class=\"wp-block-column is-layout-flow wp-block-column-is-layout-flow\"><\/div>\n<\/div>\n\n\n\n<p><br><strong>Strategy and Innovation Committee<\/strong><\/p>\n\n\n\n<p>Promove e zela pelas discuss\u00f5es, no \u00e2mbito do Conselho de Administra\u00e7\u00e3o, de assuntos relevantes e de elevado impacto para a Companhia no que se refere \u00e0s diretrizes estrat\u00e9gicas, de inova\u00e7\u00e3o, de investimentos, incluindo aquisi\u00e7\u00f5es, novos neg\u00f3cios e or\u00e7ament\u00e1rias, al\u00e9m da defini\u00e7\u00e3o de metas de desempenho baseada em cria\u00e7\u00e3o de valor econ\u00f4mico.<br><br><br><\/p>\n\n\n<table width=\"783\">\n<tbody>\n<tr>\n<td width=\"364\">Composition on December 31, 2018:<\/td>\n<td width=\"419\">&nbsp;<\/td>\n<\/tr>\n<tr>\n<td>Data da elei\u00e7\u00e3o: 16\/10\/2017<\/td>\n<td>&nbsp;<\/td>\n<\/tr>\n<tr>\n<td>Data da posse: 16\/10\/2017<\/td>\n<td>&nbsp;<\/td>\n<\/tr>\n<tr>\n<td>Prazo do mandato: at\u00e9 a 1\u00aa RCA ap\u00f3s AGO 2018<\/td>\n<td>&nbsp;<\/td>\n<\/tr>\n<tr>\n<td>&nbsp;<\/td>\n<td>&nbsp;<\/td>\n<\/tr>\n<tr>\n<td>Divino Sebasti\u00e3o de Souza&nbsp;<\/td>\n<td>Board member and Committee Coordinator<\/td>\n<\/tr>\n<tr>\n<td>Clau Sganzerla&nbsp;<\/td>\n<td>External Member<\/td>\n<\/tr>\n<tr>\n<td>Silvio Genesini&nbsp;<\/td>\n<td>External Member<\/td>\n<\/tr>\n<\/tbody>\n<\/table>\n\n\n<div class=\"wp-block-columns has-2-columns is-layout-flex wp-container-core-columns-layout-5 wp-block-columns-is-layout-flex\">\n<div class=\"wp-block-column is-layout-flow wp-block-column-is-layout-flow\"><\/div>\n\n\n\n<div class=\"wp-block-column is-layout-flow wp-block-column-is-layout-flow\"><\/div>\n<\/div>\n\n\n\n<h3 class=\"wp-block-heading\"><br>Executive Board<\/h3>\n\n\n\n<p>The C-Level of Algar Telecom are responsible for complying with the strategic orientation determined by the Board of Directors. This body chooses key executives, based on qualification, experience and value alignment, and also monitors their performance.<br><br><br><\/p>\n\n\n<table width=\"693\">\n<tbody>\n<tr>\n<td colspan=\"2\" width=\"693\"><strong>Composition on December 31, 2018:<\/strong><\/td>\n<\/tr>\n<tr>\n<td width=\"250\">Jean Carlos Borges&nbsp;<\/td>\n<td width=\"443\">Chief Executive and Investor Relations Officer*<\/td>\n<\/tr>\n<tr>\n<td colspan=\"2\" width=\"693\">Data da elei\u00e7\u00e3o: 25\/04\/2017<\/td>\n<\/tr>\n<tr>\n<td colspan=\"2\" width=\"693\">Data da posse: 25\/04\/2017<\/td>\n<\/tr>\n<tr>\n<td colspan=\"2\" width=\"693\">Prazo do mandato: 30\/04\/2020<\/td>\n<\/tr>\n<tr>\n<td colspan=\"2\" width=\"693\">&nbsp;<\/td>\n<\/tr>\n<tr>\n<td width=\"250\">Osvaldo Cesar Carrijo<\/td>\n<td width=\"443\">Vice-Executive Officer of Business and Executive Officer of Wholesale Business*<\/td>\n<\/tr>\n<tr>\n<td colspan=\"2\" width=\"693\">Data da elei\u00e7\u00e3o: 06\/12\/2018<\/td>\n<\/tr>\n<tr>\n<td colspan=\"2\" width=\"693\">Data da posse: 06\/12\/2018<\/td>\n<\/tr>\n<tr>\n<td colspan=\"2\" width=\"693\">Prazo do mandato: 30\/04\/2020<\/td>\n<\/tr>\n<tr>\n<td colspan=\"2\" width=\"693\">&nbsp;<\/td>\n<\/tr>\n<tr>\n<td width=\"250\">Luciene Gon\u00e7alves<\/td>\n<td width=\"443\">Chief Financial Officer *<\/td>\n<\/tr>\n<tr>\n<td colspan=\"2\" width=\"693\">Data da elei\u00e7\u00e3o: 25\/04\/2017<\/td>\n<\/tr>\n<tr>\n<td colspan=\"2\" width=\"693\">Data da posse: 25\/04\/2017<\/td>\n<\/tr>\n<tr>\n<td colspan=\"2\" width=\"693\">Prazo do mandato: 30\/04\/2020<\/td>\n<\/tr>\n<tr>\n<td colspan=\"2\" width=\"693\">&nbsp;<\/td>\n<\/tr>\n<tr>\n<td width=\"250\">Luiz Ant\u00f4nio Andrade Lima<\/td>\n<td width=\"443\">Operations and Technology Officer*<\/td>\n<\/tr>\n<tr>\n<td colspan=\"2\" width=\"693\">Data da elei\u00e7\u00e3o: 25\/04\/2017<\/td>\n<\/tr>\n<tr>\n<td colspan=\"2\" width=\"693\">Data da posse: 25\/04\/2017<\/td>\n<\/tr>\n<tr>\n<td colspan=\"2\" width=\"693\">Prazo do mandato: 30\/04\/2020<\/td>\n<\/tr>\n<tr>\n<td colspan=\"2\" width=\"693\">&nbsp;<\/td>\n<\/tr>\n<tr>\n<td width=\"250\">Renato Paschoareli&nbsp;<\/td>\n<td width=\"443\">Strategy and Regulatory Officer*<\/td>\n<\/tr>\n<tr>\n<td colspan=\"2\" width=\"693\">Data da elei\u00e7\u00e3o: 25\/04\/2017<\/td>\n<\/tr>\n<tr>\n<td colspan=\"2\" width=\"693\">Data da posse: 25\/04\/2017<\/td>\n<\/tr>\n<tr>\n<td colspan=\"2\" width=\"693\">Prazo do mandato: 30\/04\/2020<\/td>\n<\/tr>\n<tr>\n<td colspan=\"2\" width=\"693\">&nbsp;<\/td>\n<\/tr>\n<tr>\n<td width=\"250\">Luciana Ferreira&nbsp;<\/td>\n<td width=\"443\">Investor Relations Officer<\/td>\n<\/tr>\n<tr>\n<td width=\"250\">Ricardo Antonio Canonici&nbsp;<\/td>\n<td width=\"443\">Transformation Officer<\/td>\n<\/tr>\n<tr>\n<td colspan=\"2\" width=\"693\">&nbsp;<\/td>\n<\/tr>\n<tr>\n<td colspan=\"2\" width=\"693\">* Statutory Executive Board<\/td>\n<\/tr>\n<\/tbody>\n<\/table>\n\n\n<div class=\"wp-block-columns has-2-columns is-layout-flex wp-container-core-columns-layout-6 wp-block-columns-is-layout-flex\">\n<div class=\"wp-block-column is-layout-flow wp-block-column-is-layout-flow\">\n<p><\/p>\n<\/div>\n\n\n\n<div class=\"wp-block-column is-layout-flow wp-block-column-is-layout-flow\">\n<p><\/p>\n<\/div>\n<\/div>\n\n\n\n<p>To learn more about the profile of each member of the Board of Directors, visit the IR <a href=\"http:\/\/ri.algartelecom.com.br\/pt-br\/governanca-corporativa\/diretoria-conselho-e-comites\/\">website<\/a> of Algar Telecom.<\/p>\n","protected":false},"excerpt":{"rendered":"<p>GRI 102-5, 102-12, 102-13, 102-16, 102-18 We have been an unlisted publicly held company since 2007, when we held our first public issue of debentures. We adopt principles, governance structure and routines in line with good market practices, respecting the basic principles of transparency, equity, accountability and corporate responsibility. To this end, we have tools [&hellip;]<\/p>\n","protected":false},"author":2,"featured_media":0,"parent":0,"menu_order":16,"comment_status":"open","ping_status":"closed","template":"","meta":{"advgb_blocks_editor_width":"","advgb_blocks_columns_visual_guide":"","footnotes":""},"tags":[],"yoast_head":"<!-- This site is optimized with the Yoast SEO Premium plugin v20.1 (Yoast SEO v21.5) - https:\/\/yoast.com\/wordpress\/plugins\/seo\/ -->\n<title>Corporate Governance - Algar<\/title>\n<meta name=\"robots\" content=\"index, follow, max-snippet:-1, max-image-preview:large, max-video-preview:-1\" \/>\n<link rel=\"canonical\" href=\"https:\/\/algar2018.blendon.com.br\/en\/corporate-governance\/\" \/>\n<meta property=\"og:locale\" content=\"en_US\" \/>\n<meta property=\"og:type\" content=\"article\" \/>\n<meta property=\"og:title\" content=\"Corporate Governance\" \/>\n<meta property=\"og:description\" content=\"GRI 102-5, 102-12, 102-13, 102-16, 102-18 We have been an unlisted publicly held company since 2007, when we held our first public issue of debentures. We adopt principles, governance structure and routines in line with good market practices, respecting the basic principles of transparency, equity, accountability and corporate responsibility. To this end, we have tools [&hellip;]\" \/>\n<meta property=\"og:url\" content=\"https:\/\/algar2018.blendon.com.br\/en\/corporate-governance\/\" \/>\n<meta property=\"og:site_name\" content=\"Algar\" \/>\n<meta property=\"article:modified_time\" content=\"2019-06-06T18:55:10+00:00\" \/>\n<meta property=\"og:image\" content=\"https:\/\/algar2018.blendon.com.br\/wp-content\/uploads\/2019\/05\/Governance-structure.jpg\" \/>\n<meta name=\"twitter:card\" content=\"summary_large_image\" \/>\n<meta name=\"twitter:label1\" content=\"Est. reading time\" \/>\n\t<meta name=\"twitter:data1\" content=\"6 minutes\" \/>\n<script type=\"application\/ld+json\" class=\"yoast-schema-graph\">{\"@context\":\"https:\/\/schema.org\",\"@graph\":[{\"@type\":\"WebPage\",\"@id\":\"https:\/\/algar2018.blendon.com.br\/en\/corporate-governance\/\",\"url\":\"https:\/\/algar2018.blendon.com.br\/en\/corporate-governance\/\",\"name\":\"Corporate Governance - Algar\",\"isPartOf\":{\"@id\":\"https:\/\/algar2018.blendon.com.br\/#website\"},\"datePublished\":\"2019-05-20T17:18:51+00:00\",\"dateModified\":\"2019-06-06T18:55:10+00:00\",\"breadcrumb\":{\"@id\":\"https:\/\/algar2018.blendon.com.br\/en\/corporate-governance\/#breadcrumb\"},\"inLanguage\":\"en-US\",\"potentialAction\":[{\"@type\":\"ReadAction\",\"target\":[\"https:\/\/algar2018.blendon.com.br\/en\/corporate-governance\/\"]}]},{\"@type\":\"BreadcrumbList\",\"@id\":\"https:\/\/algar2018.blendon.com.br\/en\/corporate-governance\/#breadcrumb\",\"itemListElement\":[{\"@type\":\"ListItem\",\"position\":1,\"name\":\"Home\",\"item\":\"https:\/\/algar2018.blendon.com.br\/\"},{\"@type\":\"ListItem\",\"position\":2,\"name\":\"Corporate Governance\"}]},{\"@type\":\"WebSite\",\"@id\":\"https:\/\/algar2018.blendon.com.br\/#website\",\"url\":\"https:\/\/algar2018.blendon.com.br\/\",\"name\":\"Algar\",\"description\":\"\",\"publisher\":{\"@id\":\"https:\/\/algar2018.blendon.com.br\/#organization\"},\"potentialAction\":[{\"@type\":\"SearchAction\",\"target\":{\"@type\":\"EntryPoint\",\"urlTemplate\":\"https:\/\/algar2018.blendon.com.br\/?s={search_term_string}\"},\"query-input\":\"required name=search_term_string\"}],\"inLanguage\":\"en-US\"},{\"@type\":[\"Organization\",\"Place\"],\"@id\":\"https:\/\/algar2018.blendon.com.br\/#organization\",\"name\":\"Algar\",\"url\":\"https:\/\/algar2018.blendon.com.br\/\",\"logo\":{\"@id\":\"https:\/\/algar2018.blendon.com.br\/en\/corporate-governance\/#local-main-organization-logo\"},\"image\":{\"@id\":\"https:\/\/algar2018.blendon.com.br\/en\/corporate-governance\/#local-main-organization-logo\"},\"openingHoursSpecification\":[{\"@type\":\"OpeningHoursSpecification\",\"dayOfWeek\":[\"Monday\",\"Tuesday\",\"Wednesday\",\"Thursday\",\"Friday\",\"Saturday\",\"Sunday\"],\"opens\":\"09:00\",\"closes\":\"17:00\"}]},{\"@type\":\"ImageObject\",\"inLanguage\":\"en-US\",\"@id\":\"https:\/\/algar2018.blendon.com.br\/en\/corporate-governance\/#local-main-organization-logo\",\"url\":\"https:\/\/algar2018.blendon.com.br\/wp-content\/uploads\/2019\/06\/favicon.png\",\"contentUrl\":\"https:\/\/algar2018.blendon.com.br\/wp-content\/uploads\/2019\/06\/favicon.png\",\"width\":32,\"height\":32,\"caption\":\"Algar\"}]}<\/script>\n<!-- \/ Yoast SEO Premium plugin. -->","yoast_head_json":{"title":"Corporate Governance - Algar","robots":{"index":"index","follow":"follow","max-snippet":"max-snippet:-1","max-image-preview":"max-image-preview:large","max-video-preview":"max-video-preview:-1"},"canonical":"https:\/\/algar2018.blendon.com.br\/en\/corporate-governance\/","og_locale":"en_US","og_type":"article","og_title":"Corporate Governance","og_description":"GRI 102-5, 102-12, 102-13, 102-16, 102-18 We have been an unlisted publicly held company since 2007, when we held our first public issue of debentures. We adopt principles, governance structure and routines in line with good market practices, respecting the basic principles of transparency, equity, accountability and corporate responsibility. To this end, we have tools [&hellip;]","og_url":"https:\/\/algar2018.blendon.com.br\/en\/corporate-governance\/","og_site_name":"Algar","article_modified_time":"2019-06-06T18:55:10+00:00","og_image":[{"url":"https:\/\/algar2018.blendon.com.br\/wp-content\/uploads\/2019\/05\/Governance-structure.jpg"}],"twitter_card":"summary_large_image","twitter_misc":{"Est. reading time":"6 minutes"},"schema":{"@context":"https:\/\/schema.org","@graph":[{"@type":"WebPage","@id":"https:\/\/algar2018.blendon.com.br\/en\/corporate-governance\/","url":"https:\/\/algar2018.blendon.com.br\/en\/corporate-governance\/","name":"Corporate Governance - Algar","isPartOf":{"@id":"https:\/\/algar2018.blendon.com.br\/#website"},"datePublished":"2019-05-20T17:18:51+00:00","dateModified":"2019-06-06T18:55:10+00:00","breadcrumb":{"@id":"https:\/\/algar2018.blendon.com.br\/en\/corporate-governance\/#breadcrumb"},"inLanguage":"en-US","potentialAction":[{"@type":"ReadAction","target":["https:\/\/algar2018.blendon.com.br\/en\/corporate-governance\/"]}]},{"@type":"BreadcrumbList","@id":"https:\/\/algar2018.blendon.com.br\/en\/corporate-governance\/#breadcrumb","itemListElement":[{"@type":"ListItem","position":1,"name":"Home","item":"https:\/\/algar2018.blendon.com.br\/"},{"@type":"ListItem","position":2,"name":"Corporate Governance"}]},{"@type":"WebSite","@id":"https:\/\/algar2018.blendon.com.br\/#website","url":"https:\/\/algar2018.blendon.com.br\/","name":"Algar","description":"","publisher":{"@id":"https:\/\/algar2018.blendon.com.br\/#organization"},"potentialAction":[{"@type":"SearchAction","target":{"@type":"EntryPoint","urlTemplate":"https:\/\/algar2018.blendon.com.br\/?s={search_term_string}"},"query-input":"required name=search_term_string"}],"inLanguage":"en-US"},{"@type":["Organization","Place"],"@id":"https:\/\/algar2018.blendon.com.br\/#organization","name":"Algar","url":"https:\/\/algar2018.blendon.com.br\/","logo":{"@id":"https:\/\/algar2018.blendon.com.br\/en\/corporate-governance\/#local-main-organization-logo"},"image":{"@id":"https:\/\/algar2018.blendon.com.br\/en\/corporate-governance\/#local-main-organization-logo"},"openingHoursSpecification":[{"@type":"OpeningHoursSpecification","dayOfWeek":["Monday","Tuesday","Wednesday","Thursday","Friday","Saturday","Sunday"],"opens":"09:00","closes":"17:00"}]},{"@type":"ImageObject","inLanguage":"en-US","@id":"https:\/\/algar2018.blendon.com.br\/en\/corporate-governance\/#local-main-organization-logo","url":"https:\/\/algar2018.blendon.com.br\/wp-content\/uploads\/2019\/06\/favicon.png","contentUrl":"https:\/\/algar2018.blendon.com.br\/wp-content\/uploads\/2019\/06\/favicon.png","width":32,"height":32,"caption":"Algar"}]}},"coauthors":[],"author_meta":{"author_link":"https:\/\/algar2018.blendon.com.br\/en\/author\/admin_algar\/","display_name":"admin_algar"},"relative_dates":{"created":"Posted 7 years ago","modified":"Updated 7 years ago"},"absolute_dates":{"created":"Posted on May 20, 2019","modified":"Updated on June 6, 2019"},"absolute_dates_time":{"created":"Posted on May 20, 2019 2:18 pm","modified":"Updated on June 6, 2019 3:55 pm"},"featured_img_caption":"","featured_img":false,"series_order":"","_links":{"self":[{"href":"https:\/\/algar2018.blendon.com.br\/en\/wp-json\/wp\/v2\/pages\/2757"}],"collection":[{"href":"https:\/\/algar2018.blendon.com.br\/en\/wp-json\/wp\/v2\/pages"}],"about":[{"href":"https:\/\/algar2018.blendon.com.br\/en\/wp-json\/wp\/v2\/types\/page"}],"author":[{"embeddable":true,"href":"https:\/\/algar2018.blendon.com.br\/en\/wp-json\/wp\/v2\/users\/2"}],"replies":[{"embeddable":true,"href":"https:\/\/algar2018.blendon.com.br\/en\/wp-json\/wp\/v2\/comments?post=2757"}],"version-history":[{"count":17,"href":"https:\/\/algar2018.blendon.com.br\/en\/wp-json\/wp\/v2\/pages\/2757\/revisions"}],"predecessor-version":[{"id":3963,"href":"https:\/\/algar2018.blendon.com.br\/en\/wp-json\/wp\/v2\/pages\/2757\/revisions\/3963"}],"wp:attachment":[{"href":"https:\/\/algar2018.blendon.com.br\/en\/wp-json\/wp\/v2\/media?parent=2757"}],"wp:term":[{"taxonomy":"post_tag","embeddable":true,"href":"https:\/\/algar2018.blendon.com.br\/en\/wp-json\/wp\/v2\/tags?post=2757"}],"curies":[{"name":"wp","href":"https:\/\/api.w.org\/{rel}","templated":true}]}}