{"id":2686,"date":"2019-05-17T16:18:09","date_gmt":"2019-05-17T19:18:09","guid":{"rendered":"https:\/\/algar2018.blendon.com.br\/?page_id=2690"},"modified":"2019-06-06T15:53:27","modified_gmt":"2019-06-06T18:53:27","slug":"operating-segments","status":"publish","type":"page","link":"https:\/\/algar2018.blendon.com.br\/en\/algar-telecom\/operating-segments\/","title":{"rendered":"Operating Segments"},"content":{"rendered":"\n<p class=\"has-small-font-size\">GRI 102-4, 102-6<br><\/p>\n\n\n\n<div style=\"height:30px\" aria-hidden=\"true\" class=\"wp-block-spacer\"><\/div>\n\n\n\n<h2 class=\"wp-block-heading\">Telecom Segment<\/h2>\n\n\n\n<p> We are part of the everyday lives of individual consumers, small, micro and medium companies, large corporations and telecommunications industry in Brazil, providing safe, modern, robust and integrated solutions with backup always close at hand. Currently, we have a network of around <strong>61,000 km<\/strong> of fiber optic in <strong>16 states<\/strong> (S\u00e3o Paulo, Minas Gerais, Rio de Janeiro, Esp\u00edrito Santo, Goi\u00e1s, Mato Grosso do Sul, Paran\u00e1, Santa Catarina, Rio Grande do Sul, Alagoas, Bahia, Cear\u00e1, Para\u00edba, Pernambuco, Rio Grande do Norte and Sergipe), in addition to the Federal District, totaling <strong>350 cities<\/strong>.<br> <br>With our modern infrastructure and the quality of our service, we have achieved a high level of customer satisfaction. In corporate contracts, the renewal rate reached 89% in 2018. In addition, in a two-yearly survey carried out by Expertise\u2019s consultants showed that, in 2018, 94% of our large and medium-sized B2B customers were happy or very happy with our products and services. Our retail business (B2C) shows similar results: ReclameAQUI\u2019s website (for consumer complaints) recognized us, for the third consecutive year, as the Best Company for Consumers in the Telecom Segment, among internet, landline and mobile services. Throughout 2018, we also ranked in first in the Service Performance Index (IDA), published monthly by the National Telecommunications Agency (Anatel), as a provider of telecommunications services with the best service in fixed broadband services, landlines and mobile telephony and paid TV. <br> <br>Consolidated gross revenue of the Telecom segment reached R$2,698.4 million in 2018, representing 3% growth on 2017. The EBITDA margin reached 42%, up 4 p.p. year-over-year.<\/p>\n\n\n\n<div style=\"height:30px\" aria-hidden=\"true\" class=\"wp-block-spacer\"><\/div>\n\n\n\n<p style=\"text-align:center\"><strong>Performance Map<\/strong><br><\/p>\n\n\n\n<div class=\"wp-block-image\"><figure class=\"aligncenter is-resized\"><img decoding=\"async\" src=\"https:\/\/algar2018.blendon.com.br\/wp-content\/uploads\/2019\/05\/mapa-v1-768x717_EN.png\" alt=\"\" class=\"wp-image-3551\" width=\"700\" height=\"623\"\/><\/figure><\/div>\n\n\n\n<h3 class=\"wp-block-heading\"><br>Corporate Customers (B2B)<\/h3>\n\n\n\n<p>We offer an extensive infrastructure, built with modern technology and supported by a network of around 61,000 km of fiber optics, where: <br><\/p>\n\n\n\n<ul><li>50,000 km, with capillarity and access in the Brazilian Southeast, South, Midwest and Northeast, including 26,514 km in metropolitan regions and connecting over 3,300 buildings (on-net buildings); <\/li><li> 11,000 km of submarine cable connecting the cities of Praia Grande (SP) and Fortaleza (CE) to Boca Raton (Florida, USA).<\/li><\/ul>\n\n\n\n<p>We currently have 34 regional offices, ensuring that we can get closer to our corporate clients. Our sales and advisory services include our own units with technical and commercial advisors, making it possible for us to grow in this market and deliver more added value to our customers.<\/p>\n\n\n\n<p>B2B customers are the main focus for Algar Telecom\u2019s growth. We are working to expand our networks in Brazilian regions, in which there are low penetration rates of data services. In addition, we have invested in the densification of the networks already installed, offering products and services to B2B customers, making possible to gain scale and efficiency in the services provided.<\/p>\n\n\n<div class=\"blockverde\">\n\t<h3>Our services portfolio for corporate customers includes:<\/h3>\n\t<p>&gt; Data links with dedicated IP <\/br> \n&gt; VOIP services <\/br> \n&gt; Ethernet services <\/br>\n&gt; Clear channel <\/br>\n&gt; Network security services  <\/br><\/br>\n\nWe also offer the following standardized products in technology, providing a complete service to our customers: <\/br><\/br>\n\n&gt; Cloud <\/br>\n&gt; Hosting <\/br>\n&gt; Collocation <\/br> \n&gt; Videoconference <\/br>\n&gt; Managed services<\/br>\n&gt; Virtual PABX <\/br>\n&gt; Anti-DDoS (Distributed Denial of Service)<\/p>\n<\/div>\n\n\n<h3 class=\"wp-block-heading\"><br>Retail Customers (B2C)<br><\/h3>\n\n\n\n<p>The Company is the leader in provision of telecommunications services in 87 municipalities of the states of Minas Gerais, S\u00e3o Paulo, Goi\u00e1s and Mato Grosso do Sul. In these regions, we have a market share of 76% in fixed broadband, 34% in paid TV and 33% in mobile telephony, according to Anatel\u2019s numbers in December 2018.<br> <br>Our convergent x-play strategy, with duo-play, triple-play and quadruple-play options (fixed and mobile broadband, landlines and mobile telephony, paid TV and added-value services), meets the needs of over 1.2 million B2C customers, supported by a modern mobile network (3G, 4G and 4.5G) in the 700 MHz, 850 MHz, 1800 MHz and 2100 MHz frequencies. We also have an extensive fixed broadband network, with 58% of customers with UBB services (speeds ranging from 10Mbps to 200Mbps), with xDSLI, HFC and GPON technologies.<\/p>\n\n\n<div class=\"blockverde\">\n\t<h3>Our portfolio of services for individual clients includes:<\/h3>\n\t<p>Broadband Internet,\nMobile,\nLandlines,\nPaid TV.\n<\/p>\n<\/div>\n\n\n<div style=\"height:50px\" aria-hidden=\"true\" class=\"wp-block-spacer\"><\/div>\n\n\n\n<div class=\"wp-block-media-text alignwide\" style=\"grid-template-columns:15% auto\"><figure class=\"wp-block-media-text__media\"><img decoding=\"async\" width=\"225\" height=\"225\" src=\"https:\/\/algar2018.blendon.com.br\/wp-content\/uploads\/2019\/05\/No-Poverty-SDG-1.png\" alt=\"No Poverty - SDG 1 algar\" class=\"wp-image-2880\" srcset=\"https:\/\/algar2018.blendon.com.br\/wp-content\/uploads\/2019\/05\/No-Poverty-SDG-1.png 225w, https:\/\/algar2018.blendon.com.br\/wp-content\/uploads\/2019\/05\/No-Poverty-SDG-1-150x150.png 150w\" sizes=\"(max-width: 225px) 100vw, 225px\" \/><\/figure><div class=\"wp-block-media-text__content\">\n<p id=\"ods1\"><strong>Sustainable Development Goals <br><\/strong>1 &#8211; No Poverty &#8211; SDG 1<\/p>\n\n\n\n<p> <br>Algar Telecom has the philosophy of Serving the Region and presents solutions to all audiences, regardless of their purchasing power and social class. To achieve the goal of having access to basic services and new technologies by 2030, we offer fixed and mobile broadband in all regions where we operate in retail, regardless of the city\u2019s size. We promote access to basic services and the due telephony and internet technologies to communities within our concession region, located in over 87 municipalities, with over 1.2 million customers.<br><br>We are very proud to have been the first operator in the countryside of Brazil to sell prepaid plans and the first to effectively sell unlocked mobile phones, with initiatives that favor less-favored communities. We have affordable plans for low-income population, keeping a superior quality and excellence in services provided to all our customers, since telephony is a vital service for inclusive education and to make jobs and income generation feasible.<br><br><br><\/p>\n\n\n\n<p id=\"ods9\">9 &#8211; Industry, Innovation and Infrastructure<br> We are committed to and actively working in two goals of this SDG: <br><br><\/p>\n<\/div><\/div>\n\n\n\n<div class=\"wp-block-media-text alignwide\" style=\"grid-template-columns:15% auto\"><figure class=\"wp-block-media-text__media\"><img decoding=\"async\" width=\"225\" height=\"225\" src=\"https:\/\/algar2018.blendon.com.br\/wp-content\/uploads\/2019\/05\/Industry-Innovation-and-Infrastructure-SDG-9.png\" alt=\"Industry, Innovation and Infrastructure - SDG 9 algar\" class=\"wp-image-2890\" srcset=\"https:\/\/algar2018.blendon.com.br\/wp-content\/uploads\/2019\/05\/Industry-Innovation-and-Infrastructure-SDG-9.png 225w, https:\/\/algar2018.blendon.com.br\/wp-content\/uploads\/2019\/05\/Industry-Innovation-and-Infrastructure-SDG-9-150x150.png 150w\" sizes=\"(max-width: 225px) 100vw, 225px\" \/><\/figure><div class=\"wp-block-media-text__content\">\n<p> 1.&nbsp;&nbsp;&nbsp; Significantly increase the access to information and communication technologies and strive to maximize the provision of universal and affordable internet access in the least developed countries by 2020.<br><\/p>\n\n\n\n<ul><li>Increasing access to technologies through the community is intrinsic to Algar Telecom\u2019s business, which has specific indicators on the access to affordable technologies;<\/li><li>We provide access to broadband (fixed and mobile) in all municipalities of the retail region in which we operate;<\/li><li>We remain committed to improving sustainable infrastructures with quality, to guarantee services that can be easily accessed by community in an equitable manner.<\/li><\/ul>\n\n\n\n<p>2.&nbsp;&nbsp;&nbsp; Develop quality, reliable, sustainable and resilient infrastructure, including regional and cross-border infrastructure, to support the economic development and the human well-being, focused on the equitable and affordable access for all.<\/p>\n\n\n\n<ul><li>To achieve this goal, we regularly carry out internal and external audits and we are committed to developing the infrastructure in a sustainable manner, supporting the economic development and human well-being;<\/li><li>We are committed and structured to be the reference company in digital solutions for the B2B segment in the regions we operate;<\/li><li>Recognizing our results in 2018 to achieve this goal, we were awarded in the areas of corporate governance, people management, sustainability, innovation and customer service.<\/li><\/ul>\n\n\n\n<p><\/p>\n<\/div><\/div>\n\n\n\n<h2 class=\"wp-block-heading\"><br><br>TECH &#8211; BPO\/IT Management Segment<\/h2>\n\n\n\n<p>Our Tech &#8211; BPO (Business Process Outsourcing)\/IT Management Segment operates throughout Latin America, with offices in Colombia, Argentina and Mexico. In Brazil, we have 73 offices and 2 data centers, and we have over 11,000 professionals to ensure the best customer experience and promote innovation and deliveries with excellence.<br><br>In 2018, we offer more digital tools to increase operational productivity and better results for our customers. As a result, the segment had an EBITDA margin of 13% in 2018, up 6.3 pp over 2017. <br> <br>In the Tech segment, our business is divided into three operating fronts: Customer Relationship Management, Technology Environment Management and Telecom Services Management. Our main services are the following:<br><br><br><\/p>\n\n\n\n<h3 class=\"wp-block-heading\">Customer Relationship Management<br><\/h3>\n\n\n\n<ul><li>Digital Relationship &#8211; Algar Tech simplifies and optimizes the entire service experience, aligning the relationship with the customer to the real needs of the business. Our solution is based on intelligence and automation, allowing a better interaction, at the right time, with the right message, in the most convenient channel for the client. We generate more value to the business with the ongoing evolution of operations.<\/li><li>Digital Collection &#8211; Algar Tech ensures the receipt of debts within the maturity and increase of credit recovery, increasing revenue. We provide identification of business needs, mapping of the customer journey, intelligent segmentation of the profile, data intelligence to prevent non-payment and maximize recovery.<\/li><li>Digital BackOffice &#8211; Our solution automates tasks and business rules, making processes smarter and more efficient to improve corporate governance and the end-customer experience. The Company is consolidated in six BackOffice specialties: Customer Complaint Management; Regulatory (regulatory management); Fraud Prevention (prevention and treatment); Customer Onboarding (automation of documents and business rules); Transactional (second service level); Management and Governance (management of service provision).&nbsp;<\/li><\/ul>\n\n\n\n<p><\/p>\n\n\n\n<h3 class=\"wp-block-heading\"><br>Management of the Technology Environment<br><\/h3>\n\n\n\n<ul><li> Intuitive Service Desk &#8211; Guarantees the maximum productivity for the user. Our solution delivers the best user experience through a single multi-channel point of contact and the automation to ensure a more efficient service. This means less time spent on support and more productivity for the team, which can solve calls with less human interaction.<\/li><li>ICT Infrastructure Management &#8211; Guarantees the availability and continuity of services at all times. Our solution maximizes the IT availability and ensures the service\u2019s continuity. Our proactive and reactive operations handle the management, monitoring and support of the company\u2019s ICT infrastructure through specialists in high-impact demands, also delivering customized solutions that improve business results.<\/li><\/ul>\n\n\n\n<h3 class=\"wp-block-heading\"> <br>Telecom Services Management<\/h3>\n\n\n\n<ul><li>Implementing, maintaining and monitoring the Telecom networks with a close and effective service.<\/li><\/ul>\n","protected":false},"excerpt":{"rendered":"<p>GRI 102-4, 102-6 Telecom Segment We are part of the everyday lives of individual consumers, small, micro and medium companies, large corporations and telecommunications industry in Brazil, providing safe, modern, robust and integrated solutions with backup always close at hand. Currently, we have a network of around 61,000 km of fiber optic in 16 states [&hellip;]<\/p>\n","protected":false},"author":2,"featured_media":2655,"parent":2650,"menu_order":12,"comment_status":"open","ping_status":"closed","template":"","meta":{"advgb_blocks_editor_width":"","advgb_blocks_columns_visual_guide":"","footnotes":""},"tags":[],"yoast_head":"<!-- This site is optimized with the Yoast SEO Premium plugin v20.1 (Yoast SEO v21.5) - https:\/\/yoast.com\/wordpress\/plugins\/seo\/ -->\n<title>Operating Segments - Algar<\/title>\n<meta name=\"robots\" content=\"index, follow, max-snippet:-1, max-image-preview:large, max-video-preview:-1\" \/>\n<link rel=\"canonical\" href=\"https:\/\/algar2018.blendon.com.br\/en\/algar-telecom\/operating-segments\/\" \/>\n<meta property=\"og:locale\" content=\"en_US\" \/>\n<meta property=\"og:type\" content=\"article\" \/>\n<meta property=\"og:title\" content=\"Operating Segments\" \/>\n<meta property=\"og:description\" content=\"GRI 102-4, 102-6 Telecom Segment We are part of the everyday lives of individual consumers, small, micro and medium companies, large corporations and telecommunications industry in Brazil, providing safe, modern, robust and integrated solutions with backup always close at hand. Currently, we have a network of around 61,000 km of fiber optic in 16 states [&hellip;]\" \/>\n<meta property=\"og:url\" content=\"https:\/\/algar2018.blendon.com.br\/en\/algar-telecom\/operating-segments\/\" \/>\n<meta property=\"og:site_name\" content=\"Algar\" \/>\n<meta property=\"article:modified_time\" content=\"2019-06-06T18:53:27+00:00\" \/>\n<meta property=\"og:image\" content=\"https:\/\/algar2018.blendon.com.br\/wp-content\/uploads\/2019\/04\/A-Algar-1024x683.jpg\" \/>\n\t<meta property=\"og:image:width\" content=\"1024\" \/>\n\t<meta property=\"og:image:height\" content=\"683\" \/>\n\t<meta property=\"og:image:type\" content=\"image\/jpeg\" \/>\n<meta name=\"twitter:card\" content=\"summary_large_image\" \/>\n<meta name=\"twitter:label1\" content=\"Est. reading time\" \/>\n\t<meta name=\"twitter:data1\" content=\"7 minutes\" \/>\n<script type=\"application\/ld+json\" class=\"yoast-schema-graph\">{\"@context\":\"https:\/\/schema.org\",\"@graph\":[{\"@type\":\"WebPage\",\"@id\":\"https:\/\/algar2018.blendon.com.br\/en\/algar-telecom\/operating-segments\/\",\"url\":\"https:\/\/algar2018.blendon.com.br\/en\/algar-telecom\/operating-segments\/\",\"name\":\"Operating Segments - Algar\",\"isPartOf\":{\"@id\":\"https:\/\/algar2018.blendon.com.br\/#website\"},\"datePublished\":\"2019-05-17T19:18:09+00:00\",\"dateModified\":\"2019-06-06T18:53:27+00:00\",\"breadcrumb\":{\"@id\":\"https:\/\/algar2018.blendon.com.br\/en\/algar-telecom\/operating-segments\/#breadcrumb\"},\"inLanguage\":\"en-US\",\"potentialAction\":[{\"@type\":\"ReadAction\",\"target\":[\"https:\/\/algar2018.blendon.com.br\/en\/algar-telecom\/operating-segments\/\"]}]},{\"@type\":\"BreadcrumbList\",\"@id\":\"https:\/\/algar2018.blendon.com.br\/en\/algar-telecom\/operating-segments\/#breadcrumb\",\"itemListElement\":[{\"@type\":\"ListItem\",\"position\":1,\"name\":\"Home\",\"item\":\"https:\/\/algar2018.blendon.com.br\/\"},{\"@type\":\"ListItem\",\"position\":2,\"name\":\"Algar Telecom\",\"item\":\"https:\/\/algar2018.blendon.com.br\/en\/algar-telecom\/\"},{\"@type\":\"ListItem\",\"position\":3,\"name\":\"Operating Segments\"}]},{\"@type\":\"WebSite\",\"@id\":\"https:\/\/algar2018.blendon.com.br\/#website\",\"url\":\"https:\/\/algar2018.blendon.com.br\/\",\"name\":\"Algar\",\"description\":\"\",\"publisher\":{\"@id\":\"https:\/\/algar2018.blendon.com.br\/#organization\"},\"potentialAction\":[{\"@type\":\"SearchAction\",\"target\":{\"@type\":\"EntryPoint\",\"urlTemplate\":\"https:\/\/algar2018.blendon.com.br\/?s={search_term_string}\"},\"query-input\":\"required name=search_term_string\"}],\"inLanguage\":\"en-US\"},{\"@type\":[\"Organization\",\"Place\"],\"@id\":\"https:\/\/algar2018.blendon.com.br\/#organization\",\"name\":\"Algar\",\"url\":\"https:\/\/algar2018.blendon.com.br\/\",\"logo\":{\"@id\":\"https:\/\/algar2018.blendon.com.br\/en\/algar-telecom\/operating-segments\/#local-main-organization-logo\"},\"image\":{\"@id\":\"https:\/\/algar2018.blendon.com.br\/en\/algar-telecom\/operating-segments\/#local-main-organization-logo\"},\"openingHoursSpecification\":[{\"@type\":\"OpeningHoursSpecification\",\"dayOfWeek\":[\"Monday\",\"Tuesday\",\"Wednesday\",\"Thursday\",\"Friday\",\"Saturday\",\"Sunday\"],\"opens\":\"09:00\",\"closes\":\"17:00\"}]},{\"@type\":\"ImageObject\",\"inLanguage\":\"en-US\",\"@id\":\"https:\/\/algar2018.blendon.com.br\/en\/algar-telecom\/operating-segments\/#local-main-organization-logo\",\"url\":\"https:\/\/algar2018.blendon.com.br\/wp-content\/uploads\/2019\/06\/favicon.png\",\"contentUrl\":\"https:\/\/algar2018.blendon.com.br\/wp-content\/uploads\/2019\/06\/favicon.png\",\"width\":32,\"height\":32,\"caption\":\"Algar\"}]}<\/script>\n<!-- \/ Yoast SEO Premium plugin. -->","yoast_head_json":{"title":"Operating Segments - Algar","robots":{"index":"index","follow":"follow","max-snippet":"max-snippet:-1","max-image-preview":"max-image-preview:large","max-video-preview":"max-video-preview:-1"},"canonical":"https:\/\/algar2018.blendon.com.br\/en\/algar-telecom\/operating-segments\/","og_locale":"en_US","og_type":"article","og_title":"Operating Segments","og_description":"GRI 102-4, 102-6 Telecom Segment We are part of the everyday lives of individual consumers, small, micro and medium companies, large corporations and telecommunications industry in Brazil, providing safe, modern, robust and integrated solutions with backup always close at hand. Currently, we have a network of around 61,000 km of fiber optic in 16 states [&hellip;]","og_url":"https:\/\/algar2018.blendon.com.br\/en\/algar-telecom\/operating-segments\/","og_site_name":"Algar","article_modified_time":"2019-06-06T18:53:27+00:00","og_image":[{"width":1024,"height":683,"url":"https:\/\/algar2018.blendon.com.br\/wp-content\/uploads\/2019\/04\/A-Algar-1024x683.jpg","type":"image\/jpeg"}],"twitter_card":"summary_large_image","twitter_misc":{"Est. reading time":"7 minutes"},"schema":{"@context":"https:\/\/schema.org","@graph":[{"@type":"WebPage","@id":"https:\/\/algar2018.blendon.com.br\/en\/algar-telecom\/operating-segments\/","url":"https:\/\/algar2018.blendon.com.br\/en\/algar-telecom\/operating-segments\/","name":"Operating Segments - Algar","isPartOf":{"@id":"https:\/\/algar2018.blendon.com.br\/#website"},"datePublished":"2019-05-17T19:18:09+00:00","dateModified":"2019-06-06T18:53:27+00:00","breadcrumb":{"@id":"https:\/\/algar2018.blendon.com.br\/en\/algar-telecom\/operating-segments\/#breadcrumb"},"inLanguage":"en-US","potentialAction":[{"@type":"ReadAction","target":["https:\/\/algar2018.blendon.com.br\/en\/algar-telecom\/operating-segments\/"]}]},{"@type":"BreadcrumbList","@id":"https:\/\/algar2018.blendon.com.br\/en\/algar-telecom\/operating-segments\/#breadcrumb","itemListElement":[{"@type":"ListItem","position":1,"name":"Home","item":"https:\/\/algar2018.blendon.com.br\/"},{"@type":"ListItem","position":2,"name":"Algar Telecom","item":"https:\/\/algar2018.blendon.com.br\/en\/algar-telecom\/"},{"@type":"ListItem","position":3,"name":"Operating Segments"}]},{"@type":"WebSite","@id":"https:\/\/algar2018.blendon.com.br\/#website","url":"https:\/\/algar2018.blendon.com.br\/","name":"Algar","description":"","publisher":{"@id":"https:\/\/algar2018.blendon.com.br\/#organization"},"potentialAction":[{"@type":"SearchAction","target":{"@type":"EntryPoint","urlTemplate":"https:\/\/algar2018.blendon.com.br\/?s={search_term_string}"},"query-input":"required name=search_term_string"}],"inLanguage":"en-US"},{"@type":["Organization","Place"],"@id":"https:\/\/algar2018.blendon.com.br\/#organization","name":"Algar","url":"https:\/\/algar2018.blendon.com.br\/","logo":{"@id":"https:\/\/algar2018.blendon.com.br\/en\/algar-telecom\/operating-segments\/#local-main-organization-logo"},"image":{"@id":"https:\/\/algar2018.blendon.com.br\/en\/algar-telecom\/operating-segments\/#local-main-organization-logo"},"openingHoursSpecification":[{"@type":"OpeningHoursSpecification","dayOfWeek":["Monday","Tuesday","Wednesday","Thursday","Friday","Saturday","Sunday"],"opens":"09:00","closes":"17:00"}]},{"@type":"ImageObject","inLanguage":"en-US","@id":"https:\/\/algar2018.blendon.com.br\/en\/algar-telecom\/operating-segments\/#local-main-organization-logo","url":"https:\/\/algar2018.blendon.com.br\/wp-content\/uploads\/2019\/06\/favicon.png","contentUrl":"https:\/\/algar2018.blendon.com.br\/wp-content\/uploads\/2019\/06\/favicon.png","width":32,"height":32,"caption":"Algar"}]}},"coauthors":[],"author_meta":{"author_link":"https:\/\/algar2018.blendon.com.br\/en\/author\/admin_algar\/","display_name":"admin_algar"},"relative_dates":{"created":"Posted 7 years ago","modified":"Updated 7 years ago"},"absolute_dates":{"created":"Posted on May 17, 2019","modified":"Updated on June 6, 2019"},"absolute_dates_time":{"created":"Posted on May 17, 2019 4:18 pm","modified":"Updated on June 6, 2019 3:53 pm"},"featured_img_caption":"","featured_img":"https:\/\/algar2018.blendon.com.br\/wp-content\/uploads\/2019\/04\/A-Algar.jpg","series_order":"","_links":{"self":[{"href":"https:\/\/algar2018.blendon.com.br\/en\/wp-json\/wp\/v2\/pages\/2686"}],"collection":[{"href":"https:\/\/algar2018.blendon.com.br\/en\/wp-json\/wp\/v2\/pages"}],"about":[{"href":"https:\/\/algar2018.blendon.com.br\/en\/wp-json\/wp\/v2\/types\/page"}],"author":[{"embeddable":true,"href":"https:\/\/algar2018.blendon.com.br\/en\/wp-json\/wp\/v2\/users\/2"}],"replies":[{"embeddable":true,"href":"https:\/\/algar2018.blendon.com.br\/en\/wp-json\/wp\/v2\/comments?post=2686"}],"version-history":[{"count":17,"href":"https:\/\/algar2018.blendon.com.br\/en\/wp-json\/wp\/v2\/pages\/2686\/revisions"}],"predecessor-version":[{"id":3961,"href":"https:\/\/algar2018.blendon.com.br\/en\/wp-json\/wp\/v2\/pages\/2686\/revisions\/3961"}],"up":[{"embeddable":true,"href":"https:\/\/algar2018.blendon.com.br\/en\/wp-json\/wp\/v2\/pages\/2650"}],"wp:featuredmedia":[{"embeddable":true,"href":"https:\/\/algar2018.blendon.com.br\/en\/wp-json\/wp\/v2\/media\/2655"}],"wp:attachment":[{"href":"https:\/\/algar2018.blendon.com.br\/en\/wp-json\/wp\/v2\/media?parent=2686"}],"wp:term":[{"taxonomy":"post_tag","embeddable":true,"href":"https:\/\/algar2018.blendon.com.br\/en\/wp-json\/wp\/v2\/tags?post=2686"}],"curies":[{"name":"wp","href":"https:\/\/api.w.org\/{rel}","templated":true}]}}