{"id":2681,"date":"2019-05-17T16:17:41","date_gmt":"2019-05-17T19:17:41","guid":{"rendered":"https:\/\/algar2018.blendon.com.br\/?page_id=2686"},"modified":"2019-08-09T12:48:24","modified_gmt":"2019-08-09T15:48:24","slug":"corporate-profile","status":"publish","type":"page","link":"https:\/\/algar2018.blendon.com.br\/en\/algar-telecom\/corporate-profile\/","title":{"rendered":"Corporate Profile"},"content":{"rendered":"\n<p class=\"has-small-font-size\">GRI 102-1, 102-2, 102-4, 102-5, 102-6, 102-10<br><\/p>\n\n\n\n<div style=\"height:30px\" aria-hidden=\"true\" class=\"wp-block-spacer\"><\/div>\n\n\n\n<p>Algar Telecom, an Algar Group company, has a comprehensive portfolio of solutions to meet the needs of corporate (B2B) and retail (B2C) customers in two segments: Telecom and Tech &#8211; BPO\/IT Management. We are an unlisted publicly held company based in Uberl\u00e2ndia (MG), operating throughout Brazil. For 65 years in the market, we have a modern infrastructure, supported by a network of around 61,000 km of fiber optics, currently present in 350 cities in 16 states &#8211; S\u00e3o Paulo, Minas Gerais, Rio de Janeiro, Esp\u00edrito Santo, Goi\u00e1s, Mato Grosso do Sul, Paran\u00e1, Santa Catarina, Rio Grande do Sul, Alagoas, Bahia, Cear\u00e1, Para\u00edba, Pernambuco, Rio Grande do Norte and Sergipe &#8211; and in the Federal District.<br><br>In the Telecom segment, we offer fixed and mobile broadband internet services, data communication, landlines and mobile telephony, paid TV and IT solutions to the business market. In addition, we offer services and solutions in BPO (Business Process Outsourcing) to the Technology segment, and technology support for corporate clients. The Telecom and Tech segments accounted for 73% and 27% of our gross revenue in 2018, respectively.<br><br><\/p>\n\n\n\n<figure class=\"wp-block-image\"><img decoding=\"async\" width=\"900\" height=\"450\" src=\"https:\/\/algar2018.blendon.com.br\/wp-content\/uploads\/2019\/06\/Share-of-consolidated-gross-revenue.jpg\" alt=\"\" class=\"wp-image-3821\" srcset=\"https:\/\/algar2018.blendon.com.br\/wp-content\/uploads\/2019\/06\/Share-of-consolidated-gross-revenue.jpg 900w, https:\/\/algar2018.blendon.com.br\/wp-content\/uploads\/2019\/06\/Share-of-consolidated-gross-revenue-300x150.jpg 300w, https:\/\/algar2018.blendon.com.br\/wp-content\/uploads\/2019\/06\/Share-of-consolidated-gross-revenue-768x384.jpg 768w\" sizes=\"(max-width: 900px) 100vw, 900px\" \/><\/figure>\n\n\n\n<div style=\"height:30px\" aria-hidden=\"true\" class=\"wp-block-spacer\"><\/div>\n\n\n\n<p>Our 16,133 employees &#8211; as the company\u2019s workers are called &#8211; are committed to keeping a close relationship with customers and delivering high-quality services with sustainable and innovative practices.<\/p>\n\n\n\n<div style=\"height:30px\" aria-hidden=\"true\" class=\"wp-block-spacer\"><\/div>\n\n\n\n<p style=\"text-align:center\"><strong>Corporate Structure <br><\/strong><\/p>\n\n\n\n<figure class=\"wp-block-image\"><img decoding=\"async\" width=\"900\" height=\"794\" src=\"https:\/\/algar2018.blendon.com.br\/wp-content\/uploads\/2019\/08\/corporate-profile-image.jpg\" alt=\"\" class=\"wp-image-4079\" srcset=\"https:\/\/algar2018.blendon.com.br\/wp-content\/uploads\/2019\/08\/corporate-profile-image.jpg 900w, https:\/\/algar2018.blendon.com.br\/wp-content\/uploads\/2019\/08\/corporate-profile-image-300x265.jpg 300w, https:\/\/algar2018.blendon.com.br\/wp-content\/uploads\/2019\/08\/corporate-profile-image-768x678.jpg 768w\" sizes=\"(max-width: 900px) 100vw, 900px\" \/><\/figure>\n\n\n\n<p><br><\/p>\n","protected":false},"excerpt":{"rendered":"<p>GRI 102-1, 102-2, 102-4, 102-5, 102-6, 102-10 Algar Telecom, an Algar Group company, has a comprehensive portfolio of solutions to meet the needs of corporate (B2B) and retail (B2C) customers in two segments: Telecom and Tech &#8211; BPO\/IT Management. We are an unlisted publicly held company based in Uberl\u00e2ndia (MG), operating throughout Brazil. For 65 [&hellip;]<\/p>\n","protected":false},"author":2,"featured_media":2655,"parent":2650,"menu_order":8,"comment_status":"open","ping_status":"closed","template":"","meta":{"advgb_blocks_editor_width":"","advgb_blocks_columns_visual_guide":"","footnotes":""},"tags":[],"yoast_head":"<!-- This site is optimized with the Yoast SEO Premium plugin v20.1 (Yoast SEO v21.5) - https:\/\/yoast.com\/wordpress\/plugins\/seo\/ -->\n<title>Corporate Profile - Algar<\/title>\n<meta name=\"robots\" content=\"index, follow, max-snippet:-1, max-image-preview:large, max-video-preview:-1\" \/>\n<link rel=\"canonical\" href=\"https:\/\/algar2018.blendon.com.br\/en\/algar-telecom\/corporate-profile\/\" \/>\n<meta property=\"og:locale\" content=\"en_US\" \/>\n<meta property=\"og:type\" content=\"article\" \/>\n<meta property=\"og:title\" content=\"Corporate Profile\" \/>\n<meta property=\"og:description\" content=\"GRI 102-1, 102-2, 102-4, 102-5, 102-6, 102-10 Algar Telecom, an Algar Group company, has a comprehensive portfolio of solutions to meet the needs of corporate (B2B) and retail (B2C) customers in two segments: Telecom and Tech &#8211; BPO\/IT Management. We are an unlisted publicly held company based in Uberl\u00e2ndia (MG), operating throughout Brazil. For 65 [&hellip;]\" \/>\n<meta property=\"og:url\" content=\"https:\/\/algar2018.blendon.com.br\/en\/algar-telecom\/corporate-profile\/\" \/>\n<meta property=\"og:site_name\" content=\"Algar\" \/>\n<meta property=\"article:modified_time\" content=\"2019-08-09T15:48:24+00:00\" \/>\n<meta property=\"og:image\" content=\"https:\/\/algar2018.blendon.com.br\/wp-content\/uploads\/2019\/04\/A-Algar-1024x683.jpg\" \/>\n\t<meta property=\"og:image:width\" content=\"1024\" \/>\n\t<meta property=\"og:image:height\" content=\"683\" \/>\n\t<meta property=\"og:image:type\" content=\"image\/jpeg\" \/>\n<meta name=\"twitter:card\" content=\"summary_large_image\" \/>\n<meta name=\"twitter:label1\" content=\"Est. reading time\" \/>\n\t<meta name=\"twitter:data1\" content=\"1 minute\" \/>\n<script type=\"application\/ld+json\" class=\"yoast-schema-graph\">{\"@context\":\"https:\/\/schema.org\",\"@graph\":[{\"@type\":\"WebPage\",\"@id\":\"https:\/\/algar2018.blendon.com.br\/en\/algar-telecom\/corporate-profile\/\",\"url\":\"https:\/\/algar2018.blendon.com.br\/en\/algar-telecom\/corporate-profile\/\",\"name\":\"Corporate Profile - Algar\",\"isPartOf\":{\"@id\":\"https:\/\/algar2018.blendon.com.br\/#website\"},\"datePublished\":\"2019-05-17T19:17:41+00:00\",\"dateModified\":\"2019-08-09T15:48:24+00:00\",\"breadcrumb\":{\"@id\":\"https:\/\/algar2018.blendon.com.br\/en\/algar-telecom\/corporate-profile\/#breadcrumb\"},\"inLanguage\":\"en-US\",\"potentialAction\":[{\"@type\":\"ReadAction\",\"target\":[\"https:\/\/algar2018.blendon.com.br\/en\/algar-telecom\/corporate-profile\/\"]}]},{\"@type\":\"BreadcrumbList\",\"@id\":\"https:\/\/algar2018.blendon.com.br\/en\/algar-telecom\/corporate-profile\/#breadcrumb\",\"itemListElement\":[{\"@type\":\"ListItem\",\"position\":1,\"name\":\"Home\",\"item\":\"https:\/\/algar2018.blendon.com.br\/\"},{\"@type\":\"ListItem\",\"position\":2,\"name\":\"Algar Telecom\",\"item\":\"https:\/\/algar2018.blendon.com.br\/en\/algar-telecom\/\"},{\"@type\":\"ListItem\",\"position\":3,\"name\":\"Corporate Profile\"}]},{\"@type\":\"WebSite\",\"@id\":\"https:\/\/algar2018.blendon.com.br\/#website\",\"url\":\"https:\/\/algar2018.blendon.com.br\/\",\"name\":\"Algar\",\"description\":\"\",\"publisher\":{\"@id\":\"https:\/\/algar2018.blendon.com.br\/#organization\"},\"potentialAction\":[{\"@type\":\"SearchAction\",\"target\":{\"@type\":\"EntryPoint\",\"urlTemplate\":\"https:\/\/algar2018.blendon.com.br\/?s={search_term_string}\"},\"query-input\":\"required name=search_term_string\"}],\"inLanguage\":\"en-US\"},{\"@type\":[\"Organization\",\"Place\"],\"@id\":\"https:\/\/algar2018.blendon.com.br\/#organization\",\"name\":\"Algar\",\"url\":\"https:\/\/algar2018.blendon.com.br\/\",\"logo\":{\"@id\":\"https:\/\/algar2018.blendon.com.br\/en\/algar-telecom\/corporate-profile\/#local-main-organization-logo\"},\"image\":{\"@id\":\"https:\/\/algar2018.blendon.com.br\/en\/algar-telecom\/corporate-profile\/#local-main-organization-logo\"},\"openingHoursSpecification\":[{\"@type\":\"OpeningHoursSpecification\",\"dayOfWeek\":[\"Monday\",\"Tuesday\",\"Wednesday\",\"Thursday\",\"Friday\",\"Saturday\",\"Sunday\"],\"opens\":\"09:00\",\"closes\":\"17:00\"}]},{\"@type\":\"ImageObject\",\"inLanguage\":\"en-US\",\"@id\":\"https:\/\/algar2018.blendon.com.br\/en\/algar-telecom\/corporate-profile\/#local-main-organization-logo\",\"url\":\"https:\/\/algar2018.blendon.com.br\/wp-content\/uploads\/2019\/06\/favicon.png\",\"contentUrl\":\"https:\/\/algar2018.blendon.com.br\/wp-content\/uploads\/2019\/06\/favicon.png\",\"width\":32,\"height\":32,\"caption\":\"Algar\"}]}<\/script>\n<!-- \/ Yoast SEO Premium plugin. -->","yoast_head_json":{"title":"Corporate Profile - Algar","robots":{"index":"index","follow":"follow","max-snippet":"max-snippet:-1","max-image-preview":"max-image-preview:large","max-video-preview":"max-video-preview:-1"},"canonical":"https:\/\/algar2018.blendon.com.br\/en\/algar-telecom\/corporate-profile\/","og_locale":"en_US","og_type":"article","og_title":"Corporate Profile","og_description":"GRI 102-1, 102-2, 102-4, 102-5, 102-6, 102-10 Algar Telecom, an Algar Group company, has a comprehensive portfolio of solutions to meet the needs of corporate (B2B) and retail (B2C) customers in two segments: Telecom and Tech &#8211; BPO\/IT Management. We are an unlisted publicly held company based in Uberl\u00e2ndia (MG), operating throughout Brazil. For 65 [&hellip;]","og_url":"https:\/\/algar2018.blendon.com.br\/en\/algar-telecom\/corporate-profile\/","og_site_name":"Algar","article_modified_time":"2019-08-09T15:48:24+00:00","og_image":[{"width":1024,"height":683,"url":"https:\/\/algar2018.blendon.com.br\/wp-content\/uploads\/2019\/04\/A-Algar-1024x683.jpg","type":"image\/jpeg"}],"twitter_card":"summary_large_image","twitter_misc":{"Est. reading time":"1 minute"},"schema":{"@context":"https:\/\/schema.org","@graph":[{"@type":"WebPage","@id":"https:\/\/algar2018.blendon.com.br\/en\/algar-telecom\/corporate-profile\/","url":"https:\/\/algar2018.blendon.com.br\/en\/algar-telecom\/corporate-profile\/","name":"Corporate Profile - Algar","isPartOf":{"@id":"https:\/\/algar2018.blendon.com.br\/#website"},"datePublished":"2019-05-17T19:17:41+00:00","dateModified":"2019-08-09T15:48:24+00:00","breadcrumb":{"@id":"https:\/\/algar2018.blendon.com.br\/en\/algar-telecom\/corporate-profile\/#breadcrumb"},"inLanguage":"en-US","potentialAction":[{"@type":"ReadAction","target":["https:\/\/algar2018.blendon.com.br\/en\/algar-telecom\/corporate-profile\/"]}]},{"@type":"BreadcrumbList","@id":"https:\/\/algar2018.blendon.com.br\/en\/algar-telecom\/corporate-profile\/#breadcrumb","itemListElement":[{"@type":"ListItem","position":1,"name":"Home","item":"https:\/\/algar2018.blendon.com.br\/"},{"@type":"ListItem","position":2,"name":"Algar Telecom","item":"https:\/\/algar2018.blendon.com.br\/en\/algar-telecom\/"},{"@type":"ListItem","position":3,"name":"Corporate Profile"}]},{"@type":"WebSite","@id":"https:\/\/algar2018.blendon.com.br\/#website","url":"https:\/\/algar2018.blendon.com.br\/","name":"Algar","description":"","publisher":{"@id":"https:\/\/algar2018.blendon.com.br\/#organization"},"potentialAction":[{"@type":"SearchAction","target":{"@type":"EntryPoint","urlTemplate":"https:\/\/algar2018.blendon.com.br\/?s={search_term_string}"},"query-input":"required name=search_term_string"}],"inLanguage":"en-US"},{"@type":["Organization","Place"],"@id":"https:\/\/algar2018.blendon.com.br\/#organization","name":"Algar","url":"https:\/\/algar2018.blendon.com.br\/","logo":{"@id":"https:\/\/algar2018.blendon.com.br\/en\/algar-telecom\/corporate-profile\/#local-main-organization-logo"},"image":{"@id":"https:\/\/algar2018.blendon.com.br\/en\/algar-telecom\/corporate-profile\/#local-main-organization-logo"},"openingHoursSpecification":[{"@type":"OpeningHoursSpecification","dayOfWeek":["Monday","Tuesday","Wednesday","Thursday","Friday","Saturday","Sunday"],"opens":"09:00","closes":"17:00"}]},{"@type":"ImageObject","inLanguage":"en-US","@id":"https:\/\/algar2018.blendon.com.br\/en\/algar-telecom\/corporate-profile\/#local-main-organization-logo","url":"https:\/\/algar2018.blendon.com.br\/wp-content\/uploads\/2019\/06\/favicon.png","contentUrl":"https:\/\/algar2018.blendon.com.br\/wp-content\/uploads\/2019\/06\/favicon.png","width":32,"height":32,"caption":"Algar"}]}},"coauthors":[],"author_meta":{"author_link":"https:\/\/algar2018.blendon.com.br\/en\/author\/admin_algar\/","display_name":"admin_algar"},"relative_dates":{"created":"Posted 7 years ago","modified":"Updated 7 years ago"},"absolute_dates":{"created":"Posted on May 17, 2019","modified":"Updated on August 9, 2019"},"absolute_dates_time":{"created":"Posted on May 17, 2019 4:17 pm","modified":"Updated on August 9, 2019 12:48 pm"},"featured_img_caption":"","featured_img":"https:\/\/algar2018.blendon.com.br\/wp-content\/uploads\/2019\/04\/A-Algar.jpg","series_order":"","_links":{"self":[{"href":"https:\/\/algar2018.blendon.com.br\/en\/wp-json\/wp\/v2\/pages\/2681"}],"collection":[{"href":"https:\/\/algar2018.blendon.com.br\/en\/wp-json\/wp\/v2\/pages"}],"about":[{"href":"https:\/\/algar2018.blendon.com.br\/en\/wp-json\/wp\/v2\/types\/page"}],"author":[{"embeddable":true,"href":"https:\/\/algar2018.blendon.com.br\/en\/wp-json\/wp\/v2\/users\/2"}],"replies":[{"embeddable":true,"href":"https:\/\/algar2018.blendon.com.br\/en\/wp-json\/wp\/v2\/comments?post=2681"}],"version-history":[{"count":6,"href":"https:\/\/algar2018.blendon.com.br\/en\/wp-json\/wp\/v2\/pages\/2681\/revisions"}],"predecessor-version":[{"id":4081,"href":"https:\/\/algar2018.blendon.com.br\/en\/wp-json\/wp\/v2\/pages\/2681\/revisions\/4081"}],"up":[{"embeddable":true,"href":"https:\/\/algar2018.blendon.com.br\/en\/wp-json\/wp\/v2\/pages\/2650"}],"wp:featuredmedia":[{"embeddable":true,"href":"https:\/\/algar2018.blendon.com.br\/en\/wp-json\/wp\/v2\/media\/2655"}],"wp:attachment":[{"href":"https:\/\/algar2018.blendon.com.br\/en\/wp-json\/wp\/v2\/media?parent=2681"}],"wp:term":[{"taxonomy":"post_tag","embeddable":true,"href":"https:\/\/algar2018.blendon.com.br\/en\/wp-json\/wp\/v2\/tags?post=2681"}],"curies":[{"name":"wp","href":"https:\/\/api.w.org\/{rel}","templated":true}]}}